{"id":1060,"date":"2020-03-21T08:06:10","date_gmt":"2020-03-21T07:06:10","guid":{"rendered":"https:\/\/www.alecosa.es\/?page_id=1060"},"modified":"2020-03-22T10:16:01","modified_gmt":"2020-03-22T09:16:01","slug":"history","status":"publish","type":"page","link":"https:\/\/www.alecosa.es\/en\/history\/","title":{"rendered":"History"},"content":{"rendered":"<p><div class=\"fusion-fullwidth fullwidth-box nonhundred-percent-fullwidth non-hundred-percent-height-scrolling\"  style='background-color: rgba(255,255,255,0);background-position: center center;background-repeat: no-repeat;padding-top:0px;padding-right:0px;padding-bottom:0px;padding-left:0px;margin-top: 20px;'><div class=\"fusion-builder-row fusion-row \"><div  class=\"fusion-layout-column fusion_builder_column fusion_builder_column_1_1  fusion-one-full fusion-column-first fusion-column-last 1_1\"  style='margin-top:0px;margin-bottom:20px;'>\n\t\t\t\t\t<div class=\"fusion-column-wrapper\" style=\"padding: 0px 0px 0px 0px;background-position:center center;background-repeat:no-repeat;-webkit-background-size:cover;-moz-background-size:cover;-o-background-size:cover;background-size:cover;\"  data-bg-url=\"\">\n\t\t\t\t\t\t<div class=\"fusion-tabs fusion-tabs-1 clean vertical-tabs icon-position-left\"><style type=\"text\/css\">#wrapper .fusion-tabs.fusion-tabs-1.clean .nav-tabs li a{border-color:#ebeaea;}.fusion-tabs.fusion-tabs-1 .nav-tabs li a{background-color:#ebeaea;}.fusion-tabs.fusion-tabs-1 .nav-tabs li.active a,.fusion-tabs.fusion-tabs-1 .nav-tabs li.active a:hover,.fusion-tabs.fusion-tabs-1 .nav-tabs li.active a:focus{background-color:#f0ae00;}.fusion-tabs.fusion-tabs-1 .nav-tabs li a:hover{background-color:#f0ae00;border-top-color:#f0ae00;}.fusion-tabs.fusion-tabs-1 .tab-pane{background-color:#f0ae00;}.fusion-tabs.fusion-tabs-1 .nav,.fusion-tabs.fusion-tabs-1 .nav-tabs,.fusion-tabs.fusion-tabs-1 .tab-content .tab-pane{border-color:#ebeaea;}<\/style><div class=\"nav\"><ul class=\"nav-tabs\"><li class=\"active\"><a class=\"tab-link\" data-toggle=\"tab\" id=\"fusion-tab-1967\" href=\"#tab-d5b648419f1071d5f0e\"><h4 class=\"fusion-tab-heading\">1967<\/h4><\/a><\/li><li><a class=\"tab-link\" data-toggle=\"tab\" id=\"fusion-tab-1975\" href=\"#tab-0c9e955c4d82182bece\"><h4 class=\"fusion-tab-heading\">1975<\/h4><\/a><\/li><li><a class=\"tab-link\" data-toggle=\"tab\" id=\"fusion-tab-1984\" href=\"#tab-189e433702f044fbdcf\"><h4 class=\"fusion-tab-heading\">1984<\/h4><\/a><\/li><li><a class=\"tab-link\" data-toggle=\"tab\" id=\"fusion-tab-1988\" href=\"#tab-a021d766f3db3cab5f1\"><h4 class=\"fusion-tab-heading\">1988<\/h4><\/a><\/li><li><a class=\"tab-link\" data-toggle=\"tab\" id=\"fusion-tab-1999\" href=\"#tab-c54b20542441a5affff\"><h4 class=\"fusion-tab-heading\">1999<\/h4><\/a><\/li><li><a class=\"tab-link\" data-toggle=\"tab\" id=\"fusion-tab-2006\" href=\"#tab-dac0bcce0b6c01c9221\"><h4 class=\"fusion-tab-heading\">2006<\/h4><\/a><\/li><\/ul><\/div><div class=\"tab-content\"><div class=\"nav fusion-mobile-tab-nav\"><ul class=\"nav-tabs\"><li class=\"active\"><a class=\"tab-link\" data-toggle=\"tab\" id=\"mobile-fusion-tab-1967\" href=\"#tab-d5b648419f1071d5f0e\"><h4 class=\"fusion-tab-heading\">1967<\/h4><\/a><\/li><\/ul><\/div><div class=\"tab-pane fade in active\" id=\"tab-d5b648419f1071d5f0e\">\n<div style=\"width: 214px\" class=\"wp-caption alignleft\"><img loading=\"lazy\" decoding=\"async\" src=\"\/wp-content\/uploads\/2018\/01\/trayec_img1.gif\" alt=\"FUNDICI\u00d3N ANGLO-ESPA\u00d1OLA ALBERTO DE TORNER S.L. Primeras instalaciones para la soldadura de plata.\" width=\"204\" height=\"204\" \/><p class=\"wp-caption-text\">FUNDICI\u00d3N ANGLO-ESPA\u00d1OLA ALBERTO DE TORNER S.L. First installations for silver soldering.<\/p><\/div>\n<h1>1967<\/h1>\n<p>Alecosa is a family business that was born in 1984 but that comes from a long tradition in the transformation of precious metals, an activity started in 1910 and that evolved in 1967 in the manufacture of brass wires.<\/div><div class=\"nav fusion-mobile-tab-nav\"><ul class=\"nav-tabs\"><li><a class=\"tab-link\" data-toggle=\"tab\" id=\"mobile-fusion-tab-1975\" href=\"#tab-0c9e955c4d82182bece\"><h4 class=\"fusion-tab-heading\">1975<\/h4><\/a><\/li><\/ul><\/div><div class=\"tab-pane fade\" id=\"tab-0c9e955c4d82182bece\">\n<div style=\"width: 238px\" class=\"wp-caption alignleft\"><img loading=\"lazy\" decoding=\"async\" src=\"\/wp-content\/uploads\/2018\/01\/trayec_img2.gif\" alt=\"TORNER CIA S.L. Segunda colada en continua para lat\u00f3n. L\u00edder en Espa\u00f1a.\" width=\"228\" height=\"228\" \/><p class=\"wp-caption-text\">TORNER CIA S.L. Segunda colada en continua para lat\u00f3n. L\u00edder en Espa\u00f1a.<\/p><\/div>\n<h1>1975<\/h1>\n<p>La Fundici\u00f3n Anglo-Espa\u00f1ola Alberto de Torner introduced continuous casting in Spain and was the pioneer in Europe in the manufacture of brass by this process. The homogeneity and quality of its brasses allowed it, starting from scratch, to position itself as the leader of the national market. In this context, the company becomes Torner y CIA, S.L.<\/div><div class=\"nav fusion-mobile-tab-nav\"><ul class=\"nav-tabs\"><li><a class=\"tab-link\" data-toggle=\"tab\" id=\"mobile-fusion-tab-1984\" href=\"#tab-189e433702f044fbdcf\"><h4 class=\"fusion-tab-heading\">1984<\/h4><\/a><\/li><\/ul><\/div><div class=\"tab-pane fade\" id=\"tab-189e433702f044fbdcf\">\n<div style=\"width: 211px\" class=\"wp-caption alignleft\"><img loading=\"lazy\" decoding=\"async\" src=\"\/wp-content\/uploads\/2018\/01\/trayec_img3.gif\" alt=\"ALEADOS DEL COBRE S.A. Exportaci\u00f3n 0%. Entrada en el Mercado Com\u00fan.\" width=\"201\" height=\"201\" \/><p class=\"wp-caption-text\">ALEADOS DEL COBRE S.A.Export 0%. Entry into the Common Market.<\/p><\/div>\n<h1>1984<\/h1>\n<p>The investments made to meet the new challenge posed by Spain&#8217;s entry into the European Union transformed it into the current Aleados del Cobre S.A. The constant growth of Alecosa was possible thanks to a higher reliability of its wires compared to the usual extruded ones.<\/div><div class=\"nav fusion-mobile-tab-nav\"><ul class=\"nav-tabs\"><li><a class=\"tab-link\" data-toggle=\"tab\" id=\"mobile-fusion-tab-1988\" href=\"#tab-a021d766f3db3cab5f1\"><h4 class=\"fusion-tab-heading\">1988<\/h4><\/a><\/li><\/ul><\/div><div class=\"tab-pane fade\" id=\"tab-a021d766f3db3cab5f1\">\n<div style=\"width: 226px\" class=\"wp-caption alignleft\"><img loading=\"lazy\" decoding=\"async\" src=\"\/wp-content\/uploads\/2018\/01\/trayec_img4.gif\" alt=\"ALECOSA Nuevas instalaciones de colada en continuo para 10 barras de lat\u00f3n. Tren de laminado de 10 etapas. Crecimiento en el Mercado Europeo.\" width=\"216\" height=\"216\" \/><p class=\"wp-caption-text\">ALECOSA New continuous casting facilities for 10 brass bars. 10-stage rolling train. Growth in the European Market.<\/p><\/div>\n<h1>1988<\/h1>\n<p>Alecosa has always based the homogeneity of its products on a quality management system on the satisfaction of its customers. The investments and its R&amp;D projects since 1990 have focused on three key points: efficiently satisfy our clients, continue to produce in Spain and also do so with environmentally sustainable processes.<\/div><div class=\"nav fusion-mobile-tab-nav\"><ul class=\"nav-tabs\"><li><a class=\"tab-link\" data-toggle=\"tab\" id=\"mobile-fusion-tab-1999\" href=\"#tab-c54b20542441a5affff\"><h4 class=\"fusion-tab-heading\">1999<\/h4><\/a><\/li><\/ul><\/div><div class=\"tab-pane fade\" id=\"tab-c54b20542441a5affff\">\n<div style=\"width: 198px\" class=\"wp-caption alignleft\"><img loading=\"lazy\" decoding=\"async\" class=\"\" src=\"\/wp-content\/uploads\/2018\/01\/trayec_img5.gif\" alt=\"Continua expansi\u00f3n en los mercados mundiales. 65% de las ventas en exportaciones. Proyectos de I&amp;D: Planta piloto para la mejora de la colada en continuo para alambrones de lat\u00f3n y planta piloto para la mejora de la superficie de los alambres de lat\u00f3n en el recocido en continuo.\" width=\"188\" height=\"188\" \/><p class=\"wp-caption-text\">Continuous expansion in world markets. 65% of export sales. R&amp;D projects: Pilot plant to improve continuous casting for brass wire rods and pilot plant to improve the surface of brass wires in continuous annealing.<\/p><\/div>\n<h1>1999<\/h1>\n<p>The continuous expansion that Alecosa has been maintaining in all the markets related to brass wire shows that Alecosa&#8217;s vision has been fully shared by its collaborators.<\/div><div class=\"nav fusion-mobile-tab-nav\"><ul class=\"nav-tabs\"><li><a class=\"tab-link\" data-toggle=\"tab\" id=\"mobile-fusion-tab-2006\" href=\"#tab-dac0bcce0b6c01c9221\"><h4 class=\"fusion-tab-heading\">2006<\/h4><\/a><\/li><\/ul><\/div><div class=\"tab-pane fade\" id=\"tab-dac0bcce0b6c01c9221\">\n<div style=\"width: 226px\" class=\"wp-caption alignleft\"><img loading=\"lazy\" decoding=\"async\" src=\"\/wp-content\/uploads\/2018\/01\/trayec_img6.gif\" alt=\"90% de exportaci\u00f3n. Nueva planta industrial ECOEFICIENTE. Mayor especializaci\u00f3n en productos t\u00e9cnicamente avanzados. Nueva planta de recubrimientos industriales para alambres de lat\u00f3n.\" width=\"216\" height=\"216\" \/><p class=\"wp-caption-text\">90% export. New ECO-EFFICIENT industrial plant. Greater specialization in technically advanced products. New industrial coating plant for brass wires.<\/p><\/div>\n<h1>2006<\/h1>\n<p>The new facilities inaugurated in 2005 are a starting point towards a permanent search for industrial and environmental efficiency that can guarantee the present and future needs of our clients.<\/div><\/div><\/div><div class=\"fusion-clearfix\"><\/div>\n\n\t\t\t\t\t<\/div>\n\t\t\t\t<\/div><\/div><\/div><div class=\"fusion-fullwidth fullwidth-box nonhundred-percent-fullwidth non-hundred-percent-height-scrolling\"  style='background-color: rgba(255,255,255,0);background-position: center center;background-repeat: no-repeat;padding-top:0px;padding-right:0px;padding-bottom:0px;padding-left:0px;'><div class=\"fusion-builder-row fusion-row \"><div  class=\"fusion-layout-column fusion_builder_column fusion_builder_column_1_1  fusion-one-full fusion-column-first fusion-column-last 1_1\"  style='margin-top:0px;margin-bottom:0px;'>\n\t\t\t\t\t<div class=\"fusion-column-wrapper\" style=\"padding: 0px 0px 0px 0px;background-position:left top;background-repeat:no-repeat;-webkit-background-size:cover;-moz-background-size:cover;-o-background-size:cover;background-size:cover;\"  data-bg-url=\"\">\n\t\t\t\t\t\t<div class=\"fusion-text\"><\/div><div class=\"fusion-clearfix\"><\/div>\n\n\t\t\t\t\t<\/div>\n\t\t\t\t<\/div><\/div><\/div><\/p>\n","protected":false},"excerpt":{"rendered":"","protected":false},"author":1,"featured_media":0,"parent":0,"menu_order":0,"comment_status":"closed","ping_status":"closed","template":"","meta":{"footnotes":""},"class_list":["post-1060","page","type-page","status-publish","hentry"],"_links":{"self":[{"href":"https:\/\/www.alecosa.es\/en\/wp-json\/wp\/v2\/pages\/1060","targetHints":{"allow":["GET"]}}],"collection":[{"href":"https:\/\/www.alecosa.es\/en\/wp-json\/wp\/v2\/pages"}],"about":[{"href":"https:\/\/www.alecosa.es\/en\/wp-json\/wp\/v2\/types\/page"}],"author":[{"embeddable":true,"href":"https:\/\/www.alecosa.es\/en\/wp-json\/wp\/v2\/users\/1"}],"replies":[{"embeddable":true,"href":"https:\/\/www.alecosa.es\/en\/wp-json\/wp\/v2\/comments?post=1060"}],"version-history":[{"count":2,"href":"https:\/\/www.alecosa.es\/en\/wp-json\/wp\/v2\/pages\/1060\/revisions"}],"predecessor-version":[{"id":1063,"href":"https:\/\/www.alecosa.es\/en\/wp-json\/wp\/v2\/pages\/1060\/revisions\/1063"}],"wp:attachment":[{"href":"https:\/\/www.alecosa.es\/en\/wp-json\/wp\/v2\/media?parent=1060"}],"curies":[{"name":"wp","href":"https:\/\/api.w.org\/{rel}","templated":true}]}}